{"id":2,"date":"2025-04-30T11:01:28","date_gmt":"2025-04-30T11:01:28","guid":{"rendered":"https:\/\/zeberioherrikotaberna.rkinformatika.online\/?page_id=2"},"modified":"2025-05-09T08:10:04","modified_gmt":"2025-05-09T08:10:04","slug":"inicio","status":"publish","type":"page","link":"https:\/\/zeberioherrikotaberna.com\/eu\/","title":{"rendered":"Hasiera"},"content":{"rendered":"\t\t<div data-elementor-type=\"wp-page\" data-elementor-id=\"2\" class=\"elementor elementor-2\" data-elementor-post-type=\"page\">\n\t\t\t\t<div class=\"elementor-element elementor-element-8feb1c9 e-flex e-con-boxed elementor-invisible e-con e-parent\" data-id=\"8feb1c9\" data-element_type=\"container\" data-e-type=\"container\" data-settings=\"{&quot;background_background&quot;:&quot;classic&quot;,&quot;animation&quot;:&quot;fadeIn&quot;}\">\n\t\t\t\t\t<div class=\"e-con-inner\">\n\t\t<div class=\"elementor-element elementor-element-f06679a e-con-full e-flex elementor-invisible e-con e-child\" data-id=\"f06679a\" data-element_type=\"container\" data-e-type=\"container\" data-settings=\"{&quot;animation&quot;:&quot;fadeInRight&quot;}\">\n\t\t<div class=\"elementor-element elementor-element-c6bc8b7 e-con-full e-flex e-con e-child\" data-id=\"c6bc8b7\" data-element_type=\"container\" data-e-type=\"container\" data-settings=\"{&quot;background_background&quot;:&quot;classic&quot;,&quot;animation&quot;:&quot;none&quot;}\">\n\t\t\t\t<div class=\"elementor-element elementor-element-2cdd563 elementor-widget elementor-widget-heading\" data-id=\"2cdd563\" data-element_type=\"widget\" data-e-type=\"widget\" data-settings=\"{&quot;_animation&quot;:&quot;none&quot;}\" data-widget_type=\"heading.default\">\n\t\t\t\t<div class=\"elementor-widget-container\">\n\t\t\t\t\t<h2 class=\"elementor-heading-title elementor-size-default\">Qui\u00e9nes somos<\/h2>\t\t\t\t<\/div>\n\t\t\t\t<\/div>\n\t\t\t\t<div class=\"elementor-element elementor-element-06bd73d elementor-widget-divider--view-line elementor-widget elementor-widget-divider\" data-id=\"06bd73d\" data-element_type=\"widget\" data-e-type=\"widget\" data-widget_type=\"divider.default\">\n\t\t\t\t<div class=\"elementor-widget-container\">\n\t\t\t\t\t\t\t<div class=\"elementor-divider\">\n\t\t\t<span class=\"elementor-divider-separator\">\n\t\t\t\t\t\t<\/span>\n\t\t<\/div>\n\t\t\t\t\t\t<\/div>\n\t\t\t\t<\/div>\n\t\t\t\t<div class=\"elementor-element elementor-element-f3300db elementor-widget-mobile__width-initial elementor-widget elementor-widget-text-editor\" data-id=\"f3300db\" data-element_type=\"widget\" data-e-type=\"widget\" data-widget_type=\"text-editor.default\">\n\t\t\t\t<div class=\"elementor-widget-container\">\n\t\t\t\t\t\t\t\t\t<p class=\"\" data-start=\"225\" data-end=\"416\">Herriko Taberna es mucho m\u00e1s que un bar: es el punto de encuentro de Zubialde, el lugar donde vecinos y visitantes se juntan a diario para compartir un caf\u00e9, un pintxo o una buena charla.<\/p><p class=\"\" data-start=\"418\" data-end=\"733\">Somos la taberna del pueblo, la de siempre, la que est\u00e1 ah\u00ed cuando hace falta desconectar o celebrar. Servimos pintxos caseros y men\u00fas del d\u00eda preparados con mimo, con ingredientes de calidad y sabor tradicional. Nos esforzamos por ofrecer un ambiente cercano, familiar y aut\u00e9ntico, como el propio Zubialde.<\/p><p class=\"\" data-start=\"735\" data-end=\"915\">Si pasas por aqu\u00ed, no dudes en acercarte: la plaza, el parque y nuestra terraza te est\u00e1n esperando. Herriko Taberna es tu casa, est\u00e9s de paso o vivas a la vuelta de la esquina.<\/p>\t\t\t\t\t\t\t\t<\/div>\n\t\t\t\t<\/div>\n\t\t\t\t<\/div>\n\t\t\t\t<\/div>\n\t\t<div class=\"elementor-element elementor-element-fcffc3f e-con-full e-flex e-con e-child\" data-id=\"fcffc3f\" data-element_type=\"container\" data-e-type=\"container\" data-settings=\"{&quot;animation&quot;:&quot;none&quot;}\">\n\t\t\t\t<div class=\"elementor-element elementor-element-ad8b7fb elementor-invisible elementor-widget elementor-widget-heading\" data-id=\"ad8b7fb\" data-element_type=\"widget\" data-e-type=\"widget\" data-settings=\"{&quot;_animation&quot;:&quot;fadeInDown&quot;}\" data-widget_type=\"heading.default\">\n\t\t\t\t<div class=\"elementor-widget-container\">\n\t\t\t\t\t<h1 class=\"elementor-heading-title elementor-size-default\">Ven a herriko taberna<\/h1>\t\t\t\t<\/div>\n\t\t\t\t<\/div>\n\t\t\t\t<div class=\"elementor-element elementor-element-4f59a21 elementor-invisible elementor-widget elementor-widget-heading\" data-id=\"4f59a21\" data-element_type=\"widget\" data-e-type=\"widget\" data-settings=\"{&quot;_animation&quot;:&quot;fadeInDown&quot;}\" data-widget_type=\"heading.default\">\n\t\t\t\t<div class=\"elementor-widget-container\">\n\t\t\t\t\t<h1 class=\"elementor-heading-title elementor-size-default\">El bar del pueblo, buena compa\u00f1\u00eda y buenos pintxos<\/h1>\t\t\t\t<\/div>\n\t\t\t\t<\/div>\n\t\t\t\t<div class=\"elementor-element elementor-element-e634403 elementor-align-center elementor-tablet-align-center elementor-mobile-align-center elementor-widget__width-initial elementor-invisible elementor-widget elementor-widget-button\" data-id=\"e634403\" data-element_type=\"widget\" data-e-type=\"widget\" data-settings=\"{&quot;_animation&quot;:&quot;fadeInUp&quot;}\" data-widget_type=\"button.default\">\n\t\t\t\t<div class=\"elementor-widget-container\">\n\t\t\t\t\t\t\t\t\t<div class=\"elementor-button-wrapper\">\n\t\t\t\t\t<a class=\"elementor-button elementor-button-link elementor-size-sm\" href=\"https:\/\/maps.app.goo.gl\/qfRP1kvyEixrdHf66\" target=\"_blank\">\n\t\t\t\t\t\t<span class=\"elementor-button-content-wrapper\">\n\t\t\t\t\t\t\t\t\t<span class=\"elementor-button-text\">Vis\u00edtanos<\/span>\n\t\t\t\t\t<\/span>\n\t\t\t\t\t<\/a>\n\t\t\t\t<\/div>\n\t\t\t\t\t\t\t\t<\/div>\n\t\t\t\t<\/div>\n\t\t\t\t<\/div>\n\t\t\t\t\t<\/div>\n\t\t\t\t<\/div>\n\t\t<div class=\"elementor-element elementor-element-9c737ee e-con-full e-flex e-con e-parent\" data-id=\"9c737ee\" data-element_type=\"container\" data-e-type=\"container\" data-settings=\"{&quot;background_background&quot;:&quot;classic&quot;,&quot;background_motion_fx_motion_fx_scrolling&quot;:&quot;yes&quot;,&quot;animation&quot;:&quot;none&quot;,&quot;background_motion_fx_devices&quot;:[&quot;desktop&quot;,&quot;tablet&quot;,&quot;mobile&quot;]}\">\n\t\t<div class=\"elementor-element elementor-element-0f0d3fe e-flex e-con-boxed e-con e-child\" data-id=\"0f0d3fe\" data-element_type=\"container\" data-e-type=\"container\" data-settings=\"{&quot;background_background&quot;:&quot;gradient&quot;,&quot;animation&quot;:&quot;none&quot;}\">\n\t\t\t\t\t<div class=\"e-con-inner\">\n\t\t<div class=\"elementor-element elementor-element-0889a73 e-con-full e-flex e-con e-child\" data-id=\"0889a73\" data-element_type=\"container\" data-e-type=\"container\" data-settings=\"{&quot;background_background&quot;:&quot;classic&quot;,&quot;animation&quot;:&quot;none&quot;}\">\n\t\t<div class=\"elementor-element elementor-element-4abd8c9 e-con-full e-flex e-con e-child\" data-id=\"4abd8c9\" data-element_type=\"container\" data-e-type=\"container\">\n\t\t<div class=\"elementor-element elementor-element-7810aa7 e-con-full animated-slow e-flex elementor-invisible e-con e-child\" data-id=\"7810aa7\" data-element_type=\"container\" data-e-type=\"container\" data-settings=\"{&quot;animation&quot;:&quot;fadeInLeft&quot;}\">\n\t\t\t\t<div class=\"elementor-element elementor-element-3b61741 elementor-widget__width-initial elementor-widget elementor-widget-heading\" data-id=\"3b61741\" data-element_type=\"widget\" data-e-type=\"widget\" data-settings=\"{&quot;_animation&quot;:&quot;none&quot;}\" data-widget_type=\"heading.default\">\n\t\t\t\t<div class=\"elementor-widget-container\">\n\t\t\t\t\t<h2 class=\"elementor-heading-title elementor-size-default\">Descubre nuestros pintxos, cervezas y mucho m\u00e1s...<\/h2>\t\t\t\t<\/div>\n\t\t\t\t<\/div>\n\t\t\t\t<\/div>\n\t\t<div class=\"elementor-element elementor-element-665c0e4 e-con-full e-flex elementor-invisible e-con e-child\" data-id=\"665c0e4\" data-element_type=\"container\" data-e-type=\"container\" data-settings=\"{&quot;background_background&quot;:&quot;classic&quot;,&quot;animation&quot;:&quot;fadeInRight&quot;}\">\n\t\t\t\t<div class=\"elementor-element elementor-element-1e6e188 elementor-align-center elementor-tablet-align-center elementor-mobile-align-center elementor-widget__width-initial elementor-widget elementor-widget-button\" data-id=\"1e6e188\" data-element_type=\"widget\" data-e-type=\"widget\" data-settings=\"{&quot;_animation&quot;:&quot;none&quot;}\" data-widget_type=\"button.default\">\n\t\t\t\t<div class=\"elementor-widget-container\">\n\t\t\t\t\t\t\t\t\t<div class=\"elementor-button-wrapper\">\n\t\t\t\t\t<a class=\"elementor-button elementor-button-link elementor-size-sm\" href=\"https:\/\/zeberioherrikotaberna.com\/servicios\/\">\n\t\t\t\t\t\t<span class=\"elementor-button-content-wrapper\">\n\t\t\t\t\t\t\t\t\t<span class=\"elementor-button-text\">Ver Servicios<\/span>\n\t\t\t\t\t<\/span>\n\t\t\t\t\t<\/a>\n\t\t\t\t<\/div>\n\t\t\t\t\t\t\t\t<\/div>\n\t\t\t\t<\/div>\n\t\t\t\t<\/div>\n\t\t\t\t<\/div>\n\t\t<div class=\"elementor-element elementor-element-36e9a09 e-con-full animated-slow e-flex elementor-invisible e-con e-child\" data-id=\"36e9a09\" data-element_type=\"container\" data-e-type=\"container\" data-settings=\"{&quot;animation&quot;:&quot;fadeInUp&quot;,&quot;animation_delay&quot;:1000}\">\n\t\t\t\t<div class=\"elementor-element elementor-element-af95cb0 elementor-widget elementor-widget-image-carousel\" data-id=\"af95cb0\" data-element_type=\"widget\" data-e-type=\"widget\" data-settings=\"{&quot;slides_to_show&quot;:&quot;4&quot;,&quot;slides_to_scroll&quot;:&quot;1&quot;,&quot;navigation&quot;:&quot;none&quot;,&quot;autoplay_speed&quot;:0,&quot;speed&quot;:10000,&quot;_animation&quot;:&quot;none&quot;,&quot;autoplay&quot;:&quot;yes&quot;,&quot;infinite&quot;:&quot;yes&quot;}\" data-widget_type=\"image-carousel.default\">\n\t\t\t\t<div class=\"elementor-widget-container\">\n\t\t\t\t\t\t\t<div class=\"elementor-image-carousel-wrapper swiper\" role=\"region\" aria-roledescription=\"carousel\" aria-label=\"Carrusel de im\u00e1genes\" dir=\"ltr\">\n\t\t\t<div class=\"elementor-image-carousel swiper-wrapper\" aria-live=\"off\">\n\t\t\t\t\t\t\t\t<div class=\"swiper-slide\" role=\"group\" aria-roledescription=\"slide\" aria-label=\"1 de 4\"><figure class=\"swiper-slide-inner\"><img decoding=\"async\" class=\"swiper-slide-image\" src=\"https:\/\/zeberioherrikotaberna.com\/wp-content\/uploads\/2025\/05\/herriko_tabernas-8-e1746518059444.png\" alt=\"pintxos\" \/><\/figure><\/div><div class=\"swiper-slide\" role=\"group\" aria-roledescription=\"slide\" aria-label=\"2 de 4\"><figure class=\"swiper-slide-inner\"><img decoding=\"async\" class=\"swiper-slide-image\" src=\"https:\/\/zeberioherrikotaberna.com\/wp-content\/uploads\/2025\/05\/herriko_tabernas-10-e1746518253663.png\" alt=\"menu\" \/><\/figure><\/div><div class=\"swiper-slide\" role=\"group\" aria-roledescription=\"slide\" aria-label=\"3 de 4\"><figure class=\"swiper-slide-inner\"><img decoding=\"async\" class=\"swiper-slide-image\" src=\"https:\/\/zeberioherrikotaberna.com\/wp-content\/uploads\/2025\/05\/herriko_tabernas-9-e1746518173682.png\" alt=\"cercezas\" \/><\/figure><\/div><div class=\"swiper-slide\" role=\"group\" aria-roledescription=\"slide\" aria-label=\"4 de 4\"><figure class=\"swiper-slide-inner\"><img decoding=\"async\" class=\"swiper-slide-image\" src=\"https:\/\/zeberioherrikotaberna.com\/wp-content\/uploads\/2025\/05\/herriko_tabernas-11-e1746519540922.png\" alt=\"vinos\" \/><\/figure><\/div>\t\t\t<\/div>\n\t\t\t\t\t\t\t\n\t\t\t\t\t\t\t\t\t<\/div>\n\t\t\t\t\t\t<\/div>\n\t\t\t\t<\/div>\n\t\t\t\t<\/div>\n\t\t\t\t<\/div>\n\t\t\t\t\t<\/div>\n\t\t\t\t<\/div>\n\t\t\t\t<\/div>\n\t\t\t\t<\/div>\n\t\t","protected":false},"excerpt":{"rendered":"<p>Qui\u00e9nes somos Herriko Taberna es mucho m\u00e1s que un bar: es el punto de encuentro de Zubialde, el lugar donde vecinos y visitantes se juntan a diario para compartir un caf\u00e9, un pintxo o una buena charla. Somos la taberna del pueblo, la de siempre, la que est\u00e1 ah\u00ed cuando hace falta desconectar o celebrar. [&hellip;]<\/p>\n","protected":false},"author":1,"featured_media":0,"parent":0,"menu_order":0,"comment_status":"closed","ping_status":"closed","template":"elementor_canvas","meta":{"footnotes":""},"class_list":["post-2","page","type-page","status-publish","hentry"],"yoast_head":"<!-- This site is optimized with the Yoast SEO plugin v27.3 - https:\/\/yoast.com\/product\/yoast-seo-wordpress\/ -->\n<title>Inicio - Herriko Taberna<\/title>\n<meta name=\"robots\" content=\"index, follow, max-snippet:-1, max-image-preview:large, max-video-preview:-1\" \/>\n<link rel=\"canonical\" href=\"https:\/\/zeberioherrikotaberna.com\/eu\/\" \/>\n<meta property=\"og:locale\" content=\"en_US\" \/>\n<meta property=\"og:type\" content=\"article\" \/>\n<meta property=\"og:title\" content=\"Inicio - Herriko Taberna\" \/>\n<meta property=\"og:description\" content=\"Qui\u00e9nes somos Herriko Taberna es mucho m\u00e1s que un bar: es el punto de encuentro de Zubialde, el lugar donde vecinos y visitantes se juntan a diario para compartir un caf\u00e9, un pintxo o una buena charla. Somos la taberna del pueblo, la de siempre, la que est\u00e1 ah\u00ed cuando hace falta desconectar o celebrar. [&hellip;]\" \/>\n<meta property=\"og:url\" content=\"https:\/\/zeberioherrikotaberna.com\/eu\/\" \/>\n<meta property=\"og:site_name\" content=\"Herriko Taberna\" \/>\n<meta property=\"article:modified_time\" content=\"2025-05-09T08:10:04+00:00\" \/>\n<meta property=\"og:image\" content=\"https:\/\/zeberioherrikotaberna.com\/wp-content\/uploads\/2025\/05\/herriko_tabernas-8-e1746518059444.png\" \/>\n<meta name=\"twitter:card\" content=\"summary_large_image\" \/>\n<meta name=\"twitter:label1\" content=\"Est. reading time\" \/>\n\t<meta name=\"twitter:data1\" content=\"4 minutua\" \/>\n<script type=\"application\/ld+json\" class=\"yoast-schema-graph\">{\"@context\":\"https:\\\/\\\/schema.org\",\"@graph\":[{\"@type\":\"WebPage\",\"@id\":\"https:\\\/\\\/zeberioherrikotaberna.com\\\/\",\"url\":\"https:\\\/\\\/zeberioherrikotaberna.com\\\/\",\"name\":\"Inicio - Herriko Taberna\",\"isPartOf\":{\"@id\":\"https:\\\/\\\/zeberioherrikotaberna.com\\\/#website\"},\"primaryImageOfPage\":{\"@id\":\"https:\\\/\\\/zeberioherrikotaberna.com\\\/#primaryimage\"},\"image\":{\"@id\":\"https:\\\/\\\/zeberioherrikotaberna.com\\\/#primaryimage\"},\"thumbnailUrl\":\"https:\\\/\\\/zeberioherrikotaberna.com\\\/wp-content\\\/uploads\\\/2025\\\/05\\\/herriko_tabernas-8-e1746518059444.png\",\"datePublished\":\"2025-04-30T11:01:28+00:00\",\"dateModified\":\"2025-05-09T08:10:04+00:00\",\"breadcrumb\":{\"@id\":\"https:\\\/\\\/zeberioherrikotaberna.com\\\/#breadcrumb\"},\"inLanguage\":\"eu\",\"potentialAction\":[{\"@type\":\"ReadAction\",\"target\":[\"https:\\\/\\\/zeberioherrikotaberna.com\\\/\"]}]},{\"@type\":\"ImageObject\",\"inLanguage\":\"eu\",\"@id\":\"https:\\\/\\\/zeberioherrikotaberna.com\\\/#primaryimage\",\"url\":\"https:\\\/\\\/zeberioherrikotaberna.com\\\/wp-content\\\/uploads\\\/2025\\\/05\\\/herriko_tabernas-8-e1746518059444.png\",\"contentUrl\":\"https:\\\/\\\/zeberioherrikotaberna.com\\\/wp-content\\\/uploads\\\/2025\\\/05\\\/herriko_tabernas-8-e1746518059444.png\"},{\"@type\":\"BreadcrumbList\",\"@id\":\"https:\\\/\\\/zeberioherrikotaberna.com\\\/#breadcrumb\",\"itemListElement\":[{\"@type\":\"ListItem\",\"position\":1,\"name\":\"Portada\",\"item\":\"https:\\\/\\\/zeberioherrikotaberna.com\\\/\"},{\"@type\":\"ListItem\",\"position\":2,\"name\":\"Inicio\"}]},{\"@type\":\"WebSite\",\"@id\":\"https:\\\/\\\/zeberioherrikotaberna.com\\\/#website\",\"url\":\"https:\\\/\\\/zeberioherrikotaberna.com\\\/\",\"name\":\"Herriko Taberna\",\"description\":\"Es la herriko taberna de pueblo\",\"publisher\":{\"@id\":\"https:\\\/\\\/zeberioherrikotaberna.com\\\/#organization\"},\"potentialAction\":[{\"@type\":\"SearchAction\",\"target\":{\"@type\":\"EntryPoint\",\"urlTemplate\":\"https:\\\/\\\/zeberioherrikotaberna.com\\\/?s={search_term_string}\"},\"query-input\":{\"@type\":\"PropertyValueSpecification\",\"valueRequired\":true,\"valueName\":\"search_term_string\"}}],\"inLanguage\":\"eu\"},{\"@type\":\"Organization\",\"@id\":\"https:\\\/\\\/zeberioherrikotaberna.com\\\/#organization\",\"name\":\"Herriko Taberna\",\"url\":\"https:\\\/\\\/zeberioherrikotaberna.com\\\/\",\"logo\":{\"@type\":\"ImageObject\",\"inLanguage\":\"eu\",\"@id\":\"https:\\\/\\\/zeberioherrikotaberna.com\\\/#\\\/schema\\\/logo\\\/image\\\/\",\"url\":\"https:\\\/\\\/zeberioherrikotaberna.com\\\/wp-content\\\/uploads\\\/2025\\\/04\\\/cropped-1.png\",\"contentUrl\":\"https:\\\/\\\/zeberioherrikotaberna.com\\\/wp-content\\\/uploads\\\/2025\\\/04\\\/cropped-1.png\",\"width\":500,\"height\":143,\"caption\":\"Herriko Taberna\"},\"image\":{\"@id\":\"https:\\\/\\\/zeberioherrikotaberna.com\\\/#\\\/schema\\\/logo\\\/image\\\/\"}}]}<\/script>\n<!-- \/ Yoast SEO plugin. -->","yoast_head_json":{"title":"Inicio - Herriko Taberna","robots":{"index":"index","follow":"follow","max-snippet":"max-snippet:-1","max-image-preview":"max-image-preview:large","max-video-preview":"max-video-preview:-1"},"canonical":"https:\/\/zeberioherrikotaberna.com\/eu\/","og_locale":"en_US","og_type":"article","og_title":"Inicio - Herriko Taberna","og_description":"Qui\u00e9nes somos Herriko Taberna es mucho m\u00e1s que un bar: es el punto de encuentro de Zubialde, el lugar donde vecinos y visitantes se juntan a diario para compartir un caf\u00e9, un pintxo o una buena charla. Somos la taberna del pueblo, la de siempre, la que est\u00e1 ah\u00ed cuando hace falta desconectar o celebrar. [&hellip;]","og_url":"https:\/\/zeberioherrikotaberna.com\/eu\/","og_site_name":"Herriko Taberna","article_modified_time":"2025-05-09T08:10:04+00:00","og_image":[{"url":"https:\/\/zeberioherrikotaberna.com\/wp-content\/uploads\/2025\/05\/herriko_tabernas-8-e1746518059444.png","type":"","width":"","height":""}],"twitter_card":"summary_large_image","twitter_misc":{"Est. reading time":"4 minutua"},"schema":{"@context":"https:\/\/schema.org","@graph":[{"@type":"WebPage","@id":"https:\/\/zeberioherrikotaberna.com\/","url":"https:\/\/zeberioherrikotaberna.com\/","name":"Inicio - Herriko Taberna","isPartOf":{"@id":"https:\/\/zeberioherrikotaberna.com\/#website"},"primaryImageOfPage":{"@id":"https:\/\/zeberioherrikotaberna.com\/#primaryimage"},"image":{"@id":"https:\/\/zeberioherrikotaberna.com\/#primaryimage"},"thumbnailUrl":"https:\/\/zeberioherrikotaberna.com\/wp-content\/uploads\/2025\/05\/herriko_tabernas-8-e1746518059444.png","datePublished":"2025-04-30T11:01:28+00:00","dateModified":"2025-05-09T08:10:04+00:00","breadcrumb":{"@id":"https:\/\/zeberioherrikotaberna.com\/#breadcrumb"},"inLanguage":"eu","potentialAction":[{"@type":"ReadAction","target":["https:\/\/zeberioherrikotaberna.com\/"]}]},{"@type":"ImageObject","inLanguage":"eu","@id":"https:\/\/zeberioherrikotaberna.com\/#primaryimage","url":"https:\/\/zeberioherrikotaberna.com\/wp-content\/uploads\/2025\/05\/herriko_tabernas-8-e1746518059444.png","contentUrl":"https:\/\/zeberioherrikotaberna.com\/wp-content\/uploads\/2025\/05\/herriko_tabernas-8-e1746518059444.png"},{"@type":"BreadcrumbList","@id":"https:\/\/zeberioherrikotaberna.com\/#breadcrumb","itemListElement":[{"@type":"ListItem","position":1,"name":"Portada","item":"https:\/\/zeberioherrikotaberna.com\/"},{"@type":"ListItem","position":2,"name":"Inicio"}]},{"@type":"WebSite","@id":"https:\/\/zeberioherrikotaberna.com\/#website","url":"https:\/\/zeberioherrikotaberna.com\/","name":"Herriko Taberna","description":"Es la herriko taberna de pueblo","publisher":{"@id":"https:\/\/zeberioherrikotaberna.com\/#organization"},"potentialAction":[{"@type":"SearchAction","target":{"@type":"EntryPoint","urlTemplate":"https:\/\/zeberioherrikotaberna.com\/?s={search_term_string}"},"query-input":{"@type":"PropertyValueSpecification","valueRequired":true,"valueName":"search_term_string"}}],"inLanguage":"eu"},{"@type":"Organization","@id":"https:\/\/zeberioherrikotaberna.com\/#organization","name":"Herriko Taberna","url":"https:\/\/zeberioherrikotaberna.com\/","logo":{"@type":"ImageObject","inLanguage":"eu","@id":"https:\/\/zeberioherrikotaberna.com\/#\/schema\/logo\/image\/","url":"https:\/\/zeberioherrikotaberna.com\/wp-content\/uploads\/2025\/04\/cropped-1.png","contentUrl":"https:\/\/zeberioherrikotaberna.com\/wp-content\/uploads\/2025\/04\/cropped-1.png","width":500,"height":143,"caption":"Herriko Taberna"},"image":{"@id":"https:\/\/zeberioherrikotaberna.com\/#\/schema\/logo\/image\/"}}]}},"_links":{"self":[{"href":"https:\/\/zeberioherrikotaberna.com\/eu\/wp-json\/wp\/v2\/pages\/2","targetHints":{"allow":["GET"]}}],"collection":[{"href":"https:\/\/zeberioherrikotaberna.com\/eu\/wp-json\/wp\/v2\/pages"}],"about":[{"href":"https:\/\/zeberioherrikotaberna.com\/eu\/wp-json\/wp\/v2\/types\/page"}],"author":[{"embeddable":true,"href":"https:\/\/zeberioherrikotaberna.com\/eu\/wp-json\/wp\/v2\/users\/1"}],"replies":[{"embeddable":true,"href":"https:\/\/zeberioherrikotaberna.com\/eu\/wp-json\/wp\/v2\/comments?post=2"}],"version-history":[{"count":304,"href":"https:\/\/zeberioherrikotaberna.com\/eu\/wp-json\/wp\/v2\/pages\/2\/revisions"}],"predecessor-version":[{"id":774,"href":"https:\/\/zeberioherrikotaberna.com\/eu\/wp-json\/wp\/v2\/pages\/2\/revisions\/774"}],"wp:attachment":[{"href":"https:\/\/zeberioherrikotaberna.com\/eu\/wp-json\/wp\/v2\/media?parent=2"}],"curies":[{"name":"wp","href":"https:\/\/api.w.org\/{rel}","templated":true}]}}